{"id":82,"date":"2016-03-25T13:11:52","date_gmt":"2016-03-25T12:11:52","guid":{"rendered":"http:\/\/www.taumelland.de\/?page_id=82"},"modified":"2016-06-05T16:13:49","modified_gmt":"2016-06-05T14:13:49","slug":"about","status":"publish","type":"page","link":"https:\/\/www.taumelland.de\/index.php\/about\/","title":{"rendered":"about bolee"},"content":{"rendered":"<div id=\"attachment_83\" style=\"width: 543px\" class=\"wp-caption alignleft\"><img data-recalc-dims=\"1\" loading=\"lazy\" decoding=\"async\" aria-describedby=\"caption-attachment-83\" data-attachment-id=\"83\" data-permalink=\"https:\/\/www.taumelland.de\/index.php\/about\/bolee2_web\/\" data-orig-file=\"https:\/\/i0.wp.com\/www.taumelland.de\/wp-content\/uploads\/2016\/03\/bolee2_web.jpg?fit=533%2C800&amp;ssl=1\" data-orig-size=\"533,800\" data-comments-opened=\"1\" data-image-meta=\"{&quot;aperture&quot;:&quot;0&quot;,&quot;credit&quot;:&quot;&quot;,&quot;camera&quot;:&quot;&quot;,&quot;caption&quot;:&quot;&quot;,&quot;created_timestamp&quot;:&quot;0&quot;,&quot;copyright&quot;:&quot;&quot;,&quot;focal_length&quot;:&quot;0&quot;,&quot;iso&quot;:&quot;0&quot;,&quot;shutter_speed&quot;:&quot;0&quot;,&quot;title&quot;:&quot;&quot;,&quot;orientation&quot;:&quot;0&quot;}\" data-image-title=\"bolee#2_web\" data-image-description=\"\" data-image-caption=\"\" data-medium-file=\"https:\/\/i0.wp.com\/www.taumelland.de\/wp-content\/uploads\/2016\/03\/bolee2_web.jpg?fit=200%2C300&amp;ssl=1\" data-large-file=\"https:\/\/i0.wp.com\/www.taumelland.de\/wp-content\/uploads\/2016\/03\/bolee2_web.jpg?fit=533%2C800&amp;ssl=1\" class=\"wp-image-83 size-full\" src=\"https:\/\/i0.wp.com\/www.taumelland.de\/wp-content\/uploads\/2016\/03\/bolee2_web.jpg?resize=533%2C800\" alt=\"bolee#2_web\" width=\"533\" height=\"800\" srcset=\"https:\/\/i0.wp.com\/www.taumelland.de\/wp-content\/uploads\/2016\/03\/bolee2_web.jpg?w=533&amp;ssl=1 533w, https:\/\/i0.wp.com\/www.taumelland.de\/wp-content\/uploads\/2016\/03\/bolee2_web.jpg?resize=200%2C300&amp;ssl=1 200w\" sizes=\"auto, (max-width: 533px) 100vw, 533px\" \/><p id=\"caption-attachment-83\" class=\"wp-caption-text\">Foto: OMP<\/p><\/div>\n<p><cite>Come closer and see<br \/>\nSee into the trees<br \/>\nFind the girl<br \/>\nIf you can*<\/cite><\/p>\n<p>Worum geht\u2019s?<\/p>\n<p>Der Taumelland Foto-Blog behandelt drei Themen: Waldeinsamkeit, Erinnerungshorte und Tischblumen.<\/p>\n<p>Die Sujets Waldeinsamkeit und Erinnerungshorte entstammen beide dem 19.Jahrhundert \u2013 meiner Lieblingszeit \u2013 in dem sich die damals bekannte Welt radikal verwandelte und unsere Moderne aus dem Staub der gesellschaftlichen Verwerfungen heraus, langsam am Horizont Gestalt annahm.<\/p>\n<p style=\"clear: both;\">Umgekehrt ruht \u00a0die Gegenwart noch auf den Sedimenten des 19.Jahrhunderts:<br \/>\nBis heute pr\u00e4gen uns\u00a0 Ideologien, Institution und gesellschaftlichen Praktiken die im 19. Jahrhundert ihren Ursprung nahmen.<\/p>\n<p>Zwei davon behandelt dieser Blog: Erinnerungshorte und Waldeinsamkeit.<br \/>\nErinnerungshorte meinen eigentlich alle Arten von Wissenssch\u00e4tzen wie Archive, Bibliotheken und Speichermedien im Sinne von \u201cKristallationskernen kollektiver Einbildungskraft\u201c \u00a0(Osterhammel) \u2013 puh!<\/p>\n<p>Allerdings kapriziere ich hier vor allem auf einen weiteren Wissenshort dem Museum &#8211;\u00a0 insbesondere auf das Kunstmuseum.<br \/>\nHier kommen die Idee einer autonomen Kunst, der Gedanken eines \u201eWertes von Kunst\u201c und das \u201eIdeal einer \u00e4sthetischen Gemeinschaft\u201c (Winkelman) aus K\u00fcnstler, Sachverst\u00e4ndigem \u00a0und interessierten Laien zusammen \u2013 das ging und geht nicht immer gut aus!<\/p>\n<p>\u201eWaldeinsamkeit\u201c, ein herrlicher Begriff \u2013 was auch immer er genau bedeuten mag\u00a0 &#8211; bei mir kriegt Ihr sie garantiert!<\/p>\n<p>Niedergeschrieben hat sie zuerst der Romantiker Ludwig\u00a0 Tieck\u00a0 1796.<br \/>\nSeitdem hat die \u201eWaldeinsamkeit\u201c eine steile Karriere gemacht und es sogar zu einem <a href=\"https:\/\/de.wikipedia.org\/wiki\/Waldeinsamkeit\" target=\"_blank\">Wikipedia Eintrag<\/a> gebracht.<\/p>\n<p>Waldeinsamkeit entstammt also der Romantik, jener geistig\/politischen Str\u00f6mung am Anfang des 19. Jahrhunderts\u00a0 die gleichsam r\u00fcckw\u00e4rtsgewandt eine Selbsterm\u00e4chtigung des Individuums evozierte, indem Sie die Grenzlinien zwischen Innerem und \u00c4u\u00dferem \u00a0zum oszillieren brachte.<br \/>\nDamit standen die Tore in beide Richtungen offen und bis heute hat niemand den passenden Schl\u00fcssel gefunden um sie wieder fest zuverschlie\u00dfen.<br \/>\nNaja vielleicht bis auf ein paar nerdige Akademiker aller Coleur, aber was wissen die schon von wahrer Waldeinsamkeit!<\/p>\n<p>Augenscheinlich liegt die Bedeutung des Waldes sicherlich auch in der Tradition seiner gesellschaftspolitischen Interpretierbarkeit.<br \/>\nDen Deutschen wird allgemein eine besondere Affinit\u00e4t zum Wald nachgesagt, aber da bin ich mir pers\u00f6nlich nicht so sicher ob hier nicht das Messer mit dem M\u00f6rder verwechselt wurde und es f\u00fchrt an dieser Stelle auch zu weit\u2026\u2026..<\/p>\n<p>Fest steht auf jeden Fall, wen man in\u00a0 den Wald hineinhorcht dann schallen die Sagen, M\u00e4rchen und Mythen nur so heraus. Vom \u201e Wirtshaus im Spessart\u201c bis zum \u201eR\u00e4uber Hozenplotz\u201c &#8211; alles inklusive.<br \/>\nAll das begann im 19.Jahrhundert, hier wurden die \u201esongs from the wood\u201c, erstmalig systematisch erfasst,\u00a0 katalogisiert und schriftlich fixiert.<\/p>\n<p>Der Wald wird bewohnt von Hexen, Kobolden,\u00a0 Ents,\u00a0 Elben und allerlei anderen Zauberwesen.<br \/>\nEr ist der Ort der vornehmen Jagd, das Versteck heimt\u00fcckischen Wegelagerer und \u00a0wie schon angedeutet ein Wunderheiler und Seelenspiegel.<\/p>\n<p>Ich gehe gerne in Ihm spazieren.<\/p>\n<p><cite>I hear her voice<br \/>\nand start to run<br \/>\nInto the trees<br \/>\nInto the trees<br \/>\nInto the trees<\/cite><\/p>\n<p>Ich gebe es freim\u00fctig \u00a0zu und ich wei\u00df auch, dass es Euch bestimmt schon in den Sinn kam, dem Taumelland Blog ist wie jedem Foto-Blog nat\u00fcrlich noch ein Thema immanent, dass ebenfalls aus dem 19. Jahrhundert herr\u00fchrt \u2013 das Medium Fotografie selbst ist ein Kind jener Zeit.<br \/>\nVor Ihrer Rezeptionsgeschichte kann sich kein Foto-Blog verstecken und sich ihren tradierten Praktiken kein Fotograf\u00a0 entziehen.<br \/>\nFotografen sind selbst Waldbewohner\u00a0die ihn vor lauter B\u00e4umen nicht mehr wahrnehmen k\u00f6nnen.<br \/>\nWenn Sie\u00a0gut sind, dann wissen sie davon!<\/p>\n<p>So m\u00f6chte ich mit diesem Statement ehrenvoll kapitulieren und Euch den Rest \u00fcberlassen.<\/p>\n<p>Macht was draus!<\/p>\n<p><cite>Suddenly I stop<br \/>\nBut I know it&#8217;s too late<br \/>\nI&#8217;m lost in a forest<br \/>\nAll alone<\/cite><\/p>\n<p>Tischblumen oder besser gesagt &#8211; \u00a0<a href=\"http:\/\/www.taumelland.de\/index.php\/2016\/03\/30\/tischblume-1\/\" target=\"_blank\">eine Tischblume<\/a> &#8211; viel mir zum ersten Mal auf, als ich ein wenig vom Trubel genervt und erm\u00fcdet in einem IKEA Restaurant meine Blicke schweifen lie\u00df.<\/p>\n<p>Neugierig geworden habe ich seitdem angefangen Tischblumen, \u00fcberall dort wo Sie mir unterkommen, zu fotografieren.<\/p>\n<p>Irgendwann werde ich Euch mehr zu Tischblumen und ihren Beziehungen zu Raum, Trivialkultur und Sinnlichkeit sagen k\u00f6nnen, aber im Moment befindet sich die Bibliothek noch im Aufbau, der Wissenshort in seiner Genese. \u00a0\u00a0Begleitet mich dabei!<\/p>\n<p>Meine Bilder entstehen in der Regel beim wandern, flanieren und besichtigen, wobei ich immer absichtsvoll unterwegs war und bin.<br \/>\nDie Waldfotos bilden da eine Ausnahme, sie sind st\u00e4rker inszeniert,\u00a0 wenn ich kann suche ich Orte ein\u00a0zweites Mal auf, ich warte auf schlechtes Wetter, oder das einzig wahre, fahle, miese Licht und vermeide \u201eFotostopps\u201c etc..<\/p>\n<p>Ich fotografiere emotional und versuche oft mich mit einem gewissen Ma\u00df an kalkulierter Naivit\u00e4t zu \u00fcberlisten. Au\u00dferdem begleitet mich die\u00a0Freude\u00a0an Theorie, deren St\u00fctze mir unersetzlich ist.<\/p>\n<p>Der Blog hat nat\u00fcrlich noch ein letztes Thema, aber wenn Ihr den Text bis hierher gelesen habt brauche ich Das wohl nicht mehr niederschreiben.<\/p>\n<p>Ich freue mich (oder auch nicht) \u00fcber\u00a0 Anregungen und Kritik von Euch, hoffe es ber\u00fchrt Euch und w\u00fcnsche viel Spa\u00df.<\/p>\n<p>Marcus Bohl, M\u00e4rz 2016<\/p>\n<p><cite>The girl was never there<br \/>\nIt&#8217;s always the same<br \/>\nI&#8217;m running towards nothing<br \/>\nAgain and again and again and again<\/cite><\/p>\n<div class=\"box lightgrey-box\">\nWer mag kann den Blog auch unten abonnieren.<br \/>\n<\/div>\n<p><cite>*Zitat wie auch im folgenden: The Cure: a forest auf seventeen seconds (1980), dem curigsten aller Cure songs<\/cite><\/p>\n","protected":false},"excerpt":{"rendered":"<p>Come closer and see See into the trees Find the girl If you can* Worum geht\u2019s? Der Taumelland Foto-Blog behandelt drei Themen: Waldeinsamkeit, Erinnerungshorte und Tischblumen. Die Sujets Waldeinsamkeit und Erinnerungshorte entstammen beide dem 19.Jahrhundert \u2013 meiner Lieblingszeit \u2013 in dem sich die damals bekannte&hellip;<\/p>\n","protected":false},"author":1,"featured_media":83,"parent":0,"menu_order":0,"comment_status":"closed","ping_status":"closed","template":"","meta":{"_themeisle_gutenberg_block_has_review":false,"jetpack_post_was_ever_published":false,"footnotes":""},"class_list":["post-82","page","type-page","status-publish","has-post-thumbnail","hentry"],"yoast_head":"<!-- This site is optimized with the Yoast SEO plugin v27.3 - https:\/\/yoast.com\/product\/yoast-seo-wordpress\/ -->\n<title>about bolee - taumelland.de<\/title>\n<meta name=\"description\" content=\"Der Taumelland Foto-Blog behandelt drei Themen: Waldeinsamkeit, Erinnerungshorte und Tischblumen.\" \/>\n<meta name=\"robots\" content=\"index, follow, max-snippet:-1, max-image-preview:large, max-video-preview:-1\" \/>\n<link rel=\"canonical\" href=\"https:\/\/www.taumelland.de\/index.php\/about\/\" \/>\n<meta property=\"og:locale\" content=\"de_DE\" \/>\n<meta property=\"og:type\" content=\"article\" \/>\n<meta property=\"og:title\" content=\"about bolee - taumelland.de\" \/>\n<meta property=\"og:description\" content=\"Der Taumelland Foto-Blog behandelt drei Themen: Waldeinsamkeit, Erinnerungshorte und Tischblumen.\" \/>\n<meta property=\"og:url\" content=\"https:\/\/www.taumelland.de\/index.php\/about\/\" \/>\n<meta property=\"og:site_name\" content=\"taumelland.de\" \/>\n<meta property=\"article:modified_time\" content=\"2016-06-05T14:13:49+00:00\" \/>\n<meta property=\"og:image\" content=\"https:\/\/www.taumelland.de\/wp-content\/uploads\/2016\/03\/bolee2_web.jpg\" \/>\n\t<meta property=\"og:image:width\" content=\"533\" \/>\n\t<meta property=\"og:image:height\" content=\"800\" \/>\n\t<meta property=\"og:image:type\" content=\"image\/jpeg\" \/>\n<meta name=\"twitter:card\" content=\"summary_large_image\" \/>\n<meta name=\"twitter:label1\" content=\"Gesch\u00e4tzte Lesezeit\" \/>\n\t<meta name=\"twitter:data1\" content=\"4\u00a0Minuten\" \/>\n<script type=\"application\/ld+json\" class=\"yoast-schema-graph\">{\"@context\":\"https:\\\/\\\/schema.org\",\"@graph\":[{\"@type\":\"WebPage\",\"@id\":\"https:\\\/\\\/www.taumelland.de\\\/index.php\\\/about\\\/\",\"url\":\"https:\\\/\\\/www.taumelland.de\\\/index.php\\\/about\\\/\",\"name\":\"about bolee - taumelland.de\",\"isPartOf\":{\"@id\":\"https:\\\/\\\/www.taumelland.de\\\/#website\"},\"primaryImageOfPage\":{\"@id\":\"https:\\\/\\\/www.taumelland.de\\\/index.php\\\/about\\\/#primaryimage\"},\"image\":{\"@id\":\"https:\\\/\\\/www.taumelland.de\\\/index.php\\\/about\\\/#primaryimage\"},\"thumbnailUrl\":\"https:\\\/\\\/i0.wp.com\\\/www.taumelland.de\\\/wp-content\\\/uploads\\\/2016\\\/03\\\/bolee2_web.jpg?fit=533%2C800&ssl=1\",\"datePublished\":\"2016-03-25T12:11:52+00:00\",\"dateModified\":\"2016-06-05T14:13:49+00:00\",\"description\":\"Der Taumelland Foto-Blog behandelt drei Themen: Waldeinsamkeit, Erinnerungshorte und Tischblumen.\",\"breadcrumb\":{\"@id\":\"https:\\\/\\\/www.taumelland.de\\\/index.php\\\/about\\\/#breadcrumb\"},\"inLanguage\":\"de\",\"potentialAction\":[{\"@type\":\"ReadAction\",\"target\":[\"https:\\\/\\\/www.taumelland.de\\\/index.php\\\/about\\\/\"]}]},{\"@type\":\"ImageObject\",\"inLanguage\":\"de\",\"@id\":\"https:\\\/\\\/www.taumelland.de\\\/index.php\\\/about\\\/#primaryimage\",\"url\":\"https:\\\/\\\/i0.wp.com\\\/www.taumelland.de\\\/wp-content\\\/uploads\\\/2016\\\/03\\\/bolee2_web.jpg?fit=533%2C800&ssl=1\",\"contentUrl\":\"https:\\\/\\\/i0.wp.com\\\/www.taumelland.de\\\/wp-content\\\/uploads\\\/2016\\\/03\\\/bolee2_web.jpg?fit=533%2C800&ssl=1\",\"width\":533,\"height\":800},{\"@type\":\"BreadcrumbList\",\"@id\":\"https:\\\/\\\/www.taumelland.de\\\/index.php\\\/about\\\/#breadcrumb\",\"itemListElement\":[{\"@type\":\"ListItem\",\"position\":1,\"name\":\"Home\",\"item\":\"https:\\\/\\\/www.taumelland.de\\\/\"},{\"@type\":\"ListItem\",\"position\":2,\"name\":\"about bolee\"}]},{\"@type\":\"WebSite\",\"@id\":\"https:\\\/\\\/www.taumelland.de\\\/#website\",\"url\":\"https:\\\/\\\/www.taumelland.de\\\/\",\"name\":\"taumelland.de\",\"description\":\"der romantische Fotoblog\",\"publisher\":{\"@id\":\"https:\\\/\\\/www.taumelland.de\\\/#\\\/schema\\\/person\\\/d408cfcd33462b0f8d9e9356cfef1aab\"},\"potentialAction\":[{\"@type\":\"SearchAction\",\"target\":{\"@type\":\"EntryPoint\",\"urlTemplate\":\"https:\\\/\\\/www.taumelland.de\\\/?s={search_term_string}\"},\"query-input\":{\"@type\":\"PropertyValueSpecification\",\"valueRequired\":true,\"valueName\":\"search_term_string\"}}],\"inLanguage\":\"de\"},{\"@type\":[\"Person\",\"Organization\"],\"@id\":\"https:\\\/\\\/www.taumelland.de\\\/#\\\/schema\\\/person\\\/d408cfcd33462b0f8d9e9356cfef1aab\",\"name\":\"Marcus Bohl\",\"image\":{\"@type\":\"ImageObject\",\"inLanguage\":\"de\",\"@id\":\"https:\\\/\\\/i0.wp.com\\\/www.taumelland.de\\\/wp-content\\\/uploads\\\/2022\\\/04\\\/rosa3.jpg?fit=960%2C639&ssl=1\",\"url\":\"https:\\\/\\\/i0.wp.com\\\/www.taumelland.de\\\/wp-content\\\/uploads\\\/2022\\\/04\\\/rosa3.jpg?fit=960%2C639&ssl=1\",\"contentUrl\":\"https:\\\/\\\/i0.wp.com\\\/www.taumelland.de\\\/wp-content\\\/uploads\\\/2022\\\/04\\\/rosa3.jpg?fit=960%2C639&ssl=1\",\"width\":960,\"height\":639,\"caption\":\"Marcus Bohl\"},\"logo\":{\"@id\":\"https:\\\/\\\/i0.wp.com\\\/www.taumelland.de\\\/wp-content\\\/uploads\\\/2022\\\/04\\\/rosa3.jpg?fit=960%2C639&ssl=1\"},\"sameAs\":[\"https:\\\/\\\/www.instagram.com\\\/taumelland\\\/?hl=de\"]}]}<\/script>\n<!-- \/ Yoast SEO plugin. -->","yoast_head_json":{"title":"about bolee - taumelland.de","description":"Der Taumelland Foto-Blog behandelt drei Themen: Waldeinsamkeit, Erinnerungshorte und Tischblumen.","robots":{"index":"index","follow":"follow","max-snippet":"max-snippet:-1","max-image-preview":"max-image-preview:large","max-video-preview":"max-video-preview:-1"},"canonical":"https:\/\/www.taumelland.de\/index.php\/about\/","og_locale":"de_DE","og_type":"article","og_title":"about bolee - taumelland.de","og_description":"Der Taumelland Foto-Blog behandelt drei Themen: Waldeinsamkeit, Erinnerungshorte und Tischblumen.","og_url":"https:\/\/www.taumelland.de\/index.php\/about\/","og_site_name":"taumelland.de","article_modified_time":"2016-06-05T14:13:49+00:00","og_image":[{"width":533,"height":800,"url":"https:\/\/www.taumelland.de\/wp-content\/uploads\/2016\/03\/bolee2_web.jpg","type":"image\/jpeg"}],"twitter_card":"summary_large_image","twitter_misc":{"Gesch\u00e4tzte Lesezeit":"4\u00a0Minuten"},"schema":{"@context":"https:\/\/schema.org","@graph":[{"@type":"WebPage","@id":"https:\/\/www.taumelland.de\/index.php\/about\/","url":"https:\/\/www.taumelland.de\/index.php\/about\/","name":"about bolee - taumelland.de","isPartOf":{"@id":"https:\/\/www.taumelland.de\/#website"},"primaryImageOfPage":{"@id":"https:\/\/www.taumelland.de\/index.php\/about\/#primaryimage"},"image":{"@id":"https:\/\/www.taumelland.de\/index.php\/about\/#primaryimage"},"thumbnailUrl":"https:\/\/i0.wp.com\/www.taumelland.de\/wp-content\/uploads\/2016\/03\/bolee2_web.jpg?fit=533%2C800&ssl=1","datePublished":"2016-03-25T12:11:52+00:00","dateModified":"2016-06-05T14:13:49+00:00","description":"Der Taumelland Foto-Blog behandelt drei Themen: Waldeinsamkeit, Erinnerungshorte und Tischblumen.","breadcrumb":{"@id":"https:\/\/www.taumelland.de\/index.php\/about\/#breadcrumb"},"inLanguage":"de","potentialAction":[{"@type":"ReadAction","target":["https:\/\/www.taumelland.de\/index.php\/about\/"]}]},{"@type":"ImageObject","inLanguage":"de","@id":"https:\/\/www.taumelland.de\/index.php\/about\/#primaryimage","url":"https:\/\/i0.wp.com\/www.taumelland.de\/wp-content\/uploads\/2016\/03\/bolee2_web.jpg?fit=533%2C800&ssl=1","contentUrl":"https:\/\/i0.wp.com\/www.taumelland.de\/wp-content\/uploads\/2016\/03\/bolee2_web.jpg?fit=533%2C800&ssl=1","width":533,"height":800},{"@type":"BreadcrumbList","@id":"https:\/\/www.taumelland.de\/index.php\/about\/#breadcrumb","itemListElement":[{"@type":"ListItem","position":1,"name":"Home","item":"https:\/\/www.taumelland.de\/"},{"@type":"ListItem","position":2,"name":"about bolee"}]},{"@type":"WebSite","@id":"https:\/\/www.taumelland.de\/#website","url":"https:\/\/www.taumelland.de\/","name":"taumelland.de","description":"der romantische Fotoblog","publisher":{"@id":"https:\/\/www.taumelland.de\/#\/schema\/person\/d408cfcd33462b0f8d9e9356cfef1aab"},"potentialAction":[{"@type":"SearchAction","target":{"@type":"EntryPoint","urlTemplate":"https:\/\/www.taumelland.de\/?s={search_term_string}"},"query-input":{"@type":"PropertyValueSpecification","valueRequired":true,"valueName":"search_term_string"}}],"inLanguage":"de"},{"@type":["Person","Organization"],"@id":"https:\/\/www.taumelland.de\/#\/schema\/person\/d408cfcd33462b0f8d9e9356cfef1aab","name":"Marcus Bohl","image":{"@type":"ImageObject","inLanguage":"de","@id":"https:\/\/i0.wp.com\/www.taumelland.de\/wp-content\/uploads\/2022\/04\/rosa3.jpg?fit=960%2C639&ssl=1","url":"https:\/\/i0.wp.com\/www.taumelland.de\/wp-content\/uploads\/2022\/04\/rosa3.jpg?fit=960%2C639&ssl=1","contentUrl":"https:\/\/i0.wp.com\/www.taumelland.de\/wp-content\/uploads\/2022\/04\/rosa3.jpg?fit=960%2C639&ssl=1","width":960,"height":639,"caption":"Marcus Bohl"},"logo":{"@id":"https:\/\/i0.wp.com\/www.taumelland.de\/wp-content\/uploads\/2022\/04\/rosa3.jpg?fit=960%2C639&ssl=1"},"sameAs":["https:\/\/www.instagram.com\/taumelland\/?hl=de"]}]}},"jetpack_sharing_enabled":true,"jetpack_shortlink":"https:\/\/wp.me\/P77Evr-1k","jetpack-related-posts":[],"_links":{"self":[{"href":"https:\/\/www.taumelland.de\/index.php\/wp-json\/wp\/v2\/pages\/82","targetHints":{"allow":["GET"]}}],"collection":[{"href":"https:\/\/www.taumelland.de\/index.php\/wp-json\/wp\/v2\/pages"}],"about":[{"href":"https:\/\/www.taumelland.de\/index.php\/wp-json\/wp\/v2\/types\/page"}],"author":[{"embeddable":true,"href":"https:\/\/www.taumelland.de\/index.php\/wp-json\/wp\/v2\/users\/1"}],"replies":[{"embeddable":true,"href":"https:\/\/www.taumelland.de\/index.php\/wp-json\/wp\/v2\/comments?post=82"}],"version-history":[{"count":27,"href":"https:\/\/www.taumelland.de\/index.php\/wp-json\/wp\/v2\/pages\/82\/revisions"}],"predecessor-version":[{"id":332,"href":"https:\/\/www.taumelland.de\/index.php\/wp-json\/wp\/v2\/pages\/82\/revisions\/332"}],"wp:featuredmedia":[{"embeddable":true,"href":"https:\/\/www.taumelland.de\/index.php\/wp-json\/wp\/v2\/media\/83"}],"wp:attachment":[{"href":"https:\/\/www.taumelland.de\/index.php\/wp-json\/wp\/v2\/media?parent=82"}],"curies":[{"name":"wp","href":"https:\/\/api.w.org\/{rel}","templated":true}]}}