{"id":794,"date":"2017-01-30T18:00:20","date_gmt":"2017-01-30T17:00:20","guid":{"rendered":"http:\/\/www.taumelland.de\/?page_id=794"},"modified":"2022-04-09T18:48:48","modified_gmt":"2022-04-09T16:48:48","slug":"links","status":"publish","type":"page","link":"https:\/\/www.taumelland.de\/index.php\/links\/","title":{"rendered":"Links"},"content":{"rendered":"<h4>pearls<\/h4>\n<p>Seiten und Projekte die wir lieben und denen wir alles Gl\u00fcck auf Erden w\u00fcnschen!<\/p>\n<ul style=\"list-style-type: none;\">\n<li><a href=\"\/\/conhereos.org\/\" target=\"_blank\" rel=\"noopener noreferrer\">conheros<\/a><br \/>\nrealisiert seit vielen Jahren Kunstwerke als optionale Handlungsr\u00e4ume f\u00fcr Menschen.<\/li>\n<li><a href=\"http:\/\/www.der-reisende.org\/\" target=\"_blank\" rel=\"noopener noreferrer\">der-reisende<\/a><br \/>\nDer Reisende sucht Orte auf, an denen Webcams automatisiert Bilder produzieren und ins Netz \u00fcbertragen und &#8211; schaut zur\u00fcck!<\/li>\n<li><a href=\"http:\/\/grob-magazin.org\/\" target=\"_blank\" rel=\"noopener noreferrer\">Grob Magazin<\/a><br \/>\nVerlagsseite mit sehr sch\u00f6nen Fotob\u00fcchern<\/li>\n<li><a href=\"http:\/\/irgendlink.de\/\" target=\"_blank\" rel=\"noopener noreferrer\"> irgendlink.de<\/a><br \/>\nArtist in Motion und Heimat der Kunststra\u00dfen<\/li>\n<li><a href=\"https:\/\/www.knotenpunkte.net\/\" target=\"_blank\" rel=\"noopener noreferrer\">knotenpunkte.net<\/a><br \/>\nDas Zentralorgan der Radical Dude Society<\/li>\n<li><a href=\"http:\/\/diary.saschabuettner.com\/\" target=\"_blank\" rel=\"noopener noreferrer\">L \u2555 Diary<\/a><br \/>\nEin Foto Blog oder der Versuch eine Stadt zu erforschen<\/li>\n<li><a href=\"https:\/\/nudek.de\/\" target=\"_blank\" rel=\"noopener noreferrer\">nudeK<\/a><br \/>\nEin Magazin das nur aus einem Cover und Teaser besteht. Abonnieren!<\/li>\n<li><a href=\"https:\/\/www.weisskunst.de\/wp\/\" target=\"_blank\" rel=\"noopener noreferrer\">weisskunst.de<\/a><br \/>\nNachrichten f\u00fcr Brennsuppenkanuten &#8211; also f\u00fcr so ziemlich jede\/jeden in diesem Universum<\/li>\n<\/ul>\n<h4>mothership connections<\/h4>\n<p>Andere Projekte unter der \u00c4gide oder mit Beteiligung von taumelland.de<\/p>\n<ul style=\"list-style-type: none;\">\n<li><a href=\"http:\/\/www.wiesbaden-nordfriedhof.de\/\" target=\"_blank\" rel=\"noopener noreferrer\">nordfriedhof-wiesbaden.de <\/a><br \/>\nder sepulkrale Satellit von taumelland.de<\/li>\n<\/ul>\n<h4>Rette sich wer kann \ud83d\ude09 &#8211; Perspektivwechsel<\/h4>\n<ul style=\"list-style-type: none;\">\n<li><a href=\"https:\/\/corneliaschlothauer.de\/\" target=\"_blank\" rel=\"noopener noreferrer\">Cornelia Schlothauer<\/a><br \/>\nKunsttherapie auf Augenh\u00f6he<\/li>\n<li><a href=\"https:\/\/www.phaenopraxie.de\/\" target=\"_blank\" rel=\"noopener noreferrer\">Institut f\u00fcr Ph\u00e4nopraxie<\/a><br \/>\nPhilosophie f\u00fcr die t\u00e4gliche Praxis<\/li>\n<li><a href=\"http:saschabuettner.com\" target=\"_blank\" rel=\"noopener noreferrer\">Sascha B\u00fcttner<\/a><br \/>\nCoaching oder die (unertr\u00e4gliche) Leichtigkeit des Seins<\/li>\n<\/ul>\n<h4>Erinnerungshorte<\/h4>\n<p>Eine Liste, aller bisher von taumelland.de besuchten und im Blog Erw\u00e4hnung findenen Erinnerungshorte<\/p>\n<ul style=\"list-style-type: decimal;\">\n<li><a href=\"https:\/\/www.pinakothek.de\/besuch\/alte-pinakothek\" target=\"_blank\" rel=\"noopener noreferrer\">Alte Pinakothek, M\u00fcnchen <\/a><\/li>\n<li><a href=\"https:\/\/www.dzbank-kunstsammlung.de\/de\/art-foyer\/ausstellungen\/\" target=\"_blank\" rel=\"noopener noreferrer\">art foyer, DZ Bank Frankfurt\/Main<\/a><\/li>\n<li><a href=\"http:\/\/www.bundeskunsthalle.de\/index.html\" target=\"_blank\" rel=\"noopener noreferrer\">Bundeskunsthalle, Bonn<\/a><\/li>\n<li><a href=\"https:\/\/www.documenta.de\/#\" target=\"_blank\" rel=\"noopener noreferrer\">Documenta, Kassel<\/a><\/li>\n<li><a href=\"http:\/\/dnstdm.de\/\" target=\"_blank\" rel=\"noopener noreferrer\">Design Museum | Die Neue Sammlung, M\u00fcnchen<\/a><\/li>\n<li><a href=\"http:\/\/www.dam-online.de\" target=\"_blank\" rel=\"noopener\">Deutsches Architekturmuseum (DAM)<\/a><\/li>\n<li><a href=\"http:\/\/www.dnb.de\/DE\/Home\/home_node.html\" target=\"_blank\" rel=\"noopener noreferrer\">Deutsche Nationalbibliothek<\/a><\/li>\n<li><a href=\"http:\/\/filharmonia.szczecin.pl\/de\" target=\"_blank\" rel=\"noopener noreferrer\">Filharmonia, Szczecin<\/a><\/li>\n<li><a href=\"https:\/\/www.fffrankfurt.org\/home\/\" target=\"_blank\" rel=\"noopener\">Fotografie Forum Frankfurt<\/a><\/li>\n<li><a href=\"http:\/\/www.hamburger-kunsthalle.de\/\" target=\"_blank\" rel=\"noopener noreferrer\">Hamburger Kunsthalle<\/a><\/li>\n<li><a href=\"http:\/\/www.kunstmuseum-ahrenshoop.de\/start.html\" target=\"_blank\" rel=\"noopener noreferrer\">Kunstmuseum Ahrenshoop, Ostseebad Ahrenshoop <\/a><\/li>\n<li><a href=\"http:\/\/kunsthalle-mainz.de\/\" target=\"_blank\" rel=\"noopener\">Kunsthalle Mainz<\/a><\/li>\n<li><a href=\"http:\/\/www.kunstmuseum-bonn.de\/information\/aktuell\/\" target=\"_blank\" rel=\"noopener noreferrer\">Kunstmuseum Bonn<\/a><\/li>\n<li><a href=\"https:\/\/www.kunstsammlung.de\/de\/exhibitions#k21\" target=\"_blank\" rel=\"noopener noreferrer\">Kunstsammlung NRW K21<\/a><\/li>\n<li><a href=\"https:\/\/www.wiesbaden.de\/microsite\/kurhaus\/index.php\" target=\"_blank\" rel=\"noopener\">Kurhaus Wiesbaden<\/a><\/li>\n<li><a href=\"http:\/\/www.wiesbaden.de\/microsite\/literaturhaus\/index.php\" target=\"_blank\" rel=\"noopener\">Literaturhaus Villa Clementine<\/a><\/li>\n<li><a href=\"http:\/\/www.louvre.fr\/en\" target=\"_blank\" rel=\"noopener noreferrer\">Louvre, Paris<\/a><\/li>\n<li><a href=\"http:\/\/www.mathildenhoehe.eu\/\" target=\"_blank\" rel=\"noopener noreferrer\">Mathildenh\u00f6he Darmstadt<\/a><\/li>\n<li><a href=\"http:\/\/mmk-frankfurt.de\/de\/home\/\" target=\"_blank\" rel=\"noopener noreferrer\">mmk, Frankfurt\/Main<\/a><\/li>\n<li><a href=\"http:\/\/www.muca.eu\/\" target=\"_blank\" rel=\"noopener\">MUCA, M\u00fcnchen<\/a><\/li>\n<li><a href=\"https:\/\/www.mumok.at\/\" target=\"_blank\" rel=\"noopener noreferrer\">mumok, Wien<\/a><\/li>\n<li><a href=\"http:\/\/www.musee-orsay.fr\/de\/startseite.html\" target=\"_blank\" rel=\"noopener\">Mus\u00e9e d\u2019Orsay<\/a><\/li>\n<li><a href=\"http:\/\/www.museum-brandhorst.de\/\" target=\"_blank\" rel=\"noopener noreferrer\">Museum Brandhorst, M\u00fcnchen<\/a><\/li>\n<li><a href=\"http:\/\/www.smkp.de\/\" target=\"_blank\" rel=\"noopener\">Museum Kunstpalast D\u00fcsseldorf<\/a><\/li>\n<li><a href=\"http:\/\/www.museum-ludwig.de\/\" target=\"_blank\" rel=\"noopener noreferrer\">Museum Ludwig, K\u00f6ln<\/a><\/li>\n<li><a href=\"https:\/\/museum-wiesbaden.de\/\" target=\"_blank\" rel=\"noopener noreferrer\">Museum Wiesbaden<\/a><\/li>\n<li><a href=\"https:\/\/www.nrw-forum.de\/\" target=\"_blank\" rel=\"noopener\">NRW Forum D\u00fcsseldorf<\/a><\/li>\n<li><a href=\"http:\/\/www.palmengarten.de\/#\/de_DE\/index\/index\" target=\"_blank\" rel=\"noopener\">Palmengarten<\/a><\/li>\n<li><a href=\"https:\/\/www.pinakothek.de\/besuch\/pinakothek-der-moderne\" target=\"_blank\" rel=\"noopener noreferrer\">Pinakothek der Moderne, M\u00fcnchen <\/a><\/li>\n<li><a href=\"http:\/\/www.schirn.de\/\" target=\"_blank\" rel=\"noopener noreferrer\">Schirn Kunsthalle, Frankfurt\/Main<\/a><\/li>\n<li><a href=\"http:\/\/www.senckenberg.de\/\" target=\"_blank\" rel=\"noopener noreferrer\">Senkenberg Museum, Frankfurt\/Main<\/a><\/li>\n<li><a href=\"https:\/\/www.staedelmuseum.de\/de\" target=\"_blank\" rel=\"noopener noreferrer\">St\u00e4del Museum, Frankfurt\/Main <\/a><\/li>\n<li><a href=\"http:\/\/www.tate.org.uk\/visit\/tate-britain\" target=\"_blank\" rel=\"noopener noreferrer\">tate britain, London <\/a><\/li>\n<li><a href=\"http:\/\/www.tate.org.uk\/visit\/tate-modern\" target=\"_blank\" rel=\"noopener noreferrer\">tate modern, London<\/a><\/li>\n<li><a href=\"https:\/\/www.zoo-frankfurt.de\/\" target=\"_blank\" rel=\"noopener noreferrer\">Zoo Frankfurt<\/a><\/li>\n<\/ul>\n<h4>Musik<\/h4>\n<p>Alle die taumelland in Schwingung versetzten!<\/p>\n<ul style=\"list-style-type: decimal;\">\n<li><a href=\"http:\/\/arcadefire.com\/site\/\" target=\"_blank\" rel=\"noopener noreferrer\">Arcade Fire<\/a><\/li>\n<li><a href=\"http:\/\/www.bjork.com\/\" target=\"_blank\" rel=\"noopener noreferrer\">Bj\u00f6rk<\/a><\/li>\n<li><a href=\"http:\/\/www.blumfeld.de\/\" target=\"_blank\" rel=\"noopener noreferrer\">Blumfeld <\/a><\/li>\n<li><a href=\"http:\/\/bryanferry.com\/\" target=\"_blank\" rel=\"noopener noreferrer\">Bryan Ferry<\/a><\/li>\n<li><a href=\"http:\/\/www.spoonrecords.com\/\" target=\"_blank\" rel=\"noopener noreferrer\">Can<\/a><\/li>\n<li><a href=\"http:\/\/legacy.davidbowie.com\/\" target=\"_blank\" rel=\"noopener noreferrer\">David Bowie<\/a><\/li>\n<li><a href=\"http:\/\/www.davidsylvian.com\/\" target=\"_blank\" rel=\"noopener noreferrer\">David Sylvian <\/a><\/li>\n<li><a href=\"https:\/\/de.wikipedia.org\/wiki\/Edvard_Grieg\" target=\"_blank\" rel=\"noopener noreferrer\">Edvard Grieg <\/a><\/li>\n<li><a href=\"http:\/\/ironmaiden.com\/\" target=\"_blank\" rel=\"noopener noreferrer\">Iron Maiden <\/a><\/li>\n<li><a href=\"http:\/\/jethrotull.com\/\" target=\"_blank\" rel=\"noopener noreferrer\">Jethro Tull<\/a><\/li>\n<li><a href=\"http:\/\/www.johnnycash.com\/\">Johnny Cash<\/a><\/li>\n<li><a href=\"https:\/\/kellyleeowens.bandcamp.com\/music\" target=\"_blank\" rel=\"noopener noreferrer\"> Kelly Lee Owens<\/a><\/li>\n<li><a href=\"http:\/\/lanadelrey.com\/\" target=\"_blank\" rel=\"noopener noreferrer\">Lana Del Ray<\/a><\/li>\n<li><a href=\"http:\/\/www.michaelnyman.com\/\" target=\"_blank\" rel=\"noopener noreferrer\">Michael Nyman<\/a><\/li>\n<li><a href=\"http:\/\/www.neilyoung.com\/\" target=\"_blank\" rel=\"noopener noreferrer\">Neil Young <\/a><\/li>\n<li><a href=\"http:\/\/nicolasjaar.net\/\" target=\"_blank\" rel=\"noopener\">Nicolas Jaar<\/a><\/li>\n<li><a href=\"http:\/\/www.nomeanswhatever.com\/\" target=\"_blank\" rel=\"noopener noreferrer\">NoMeansNo<\/a><\/li>\n<li><a href=\"http:\/\/paulweller.com\/home\/\" target=\"_blank\" rel=\"noopener\">Paul Weller<\/a><\/li>\n<li><a href=\"http:\/\/www.pinkfloyd.com\/\" target=\"_blank\" rel=\"noopener noreferrer\">Pink Floyd <\/a><\/li>\n<li><a href=\"http:\/\/http:\/\/petergabriel.com\/\" target=\"_blank\" rel=\"noopener noreferrer\">Peter Gabriel <\/a><\/li>\n<li><a href=\"https:\/\/www.wasteheadquarters.com\/\" target=\"_blank\" rel=\"noopener noreferrer\">Radiohead<\/a><\/li>\n<li><a href=\"http:\/\/www.ramones.com\/\" target=\"_blank\" rel=\"noopener noreferrer\">Ramones<\/a><\/li>\n<li><a href=\"https:\/\/de.wikipedia.org\/wiki\/Franz_Schubert\" target=\"_blank\" rel=\"noopener\">Schubert<\/a><\/li>\n<li><a href=\"http:\/\/www.sodastream.net.au\/\" target=\"_blank\" rel=\"noopener noreferrer\">Sodastream<\/a><\/li>\n<li><a href=\"https:\/\/en.wikipedia.org\/wiki\/Talking_Heads\" target=\"_blank\" rel=\"noopener\">Talking Heads<\/a><\/li>\n<li><a href=\"http:\/\/americanmary.com\/\" target=\"_blank\" rel=\"noopener noreferrer\">The National<\/a><\/li>\n<li><a href=\"https:\/\/visitthemiddleeast.wordpress.com\/\" target=\"_blank\" rel=\"noopener noreferrer\">The Middle East<\/a><\/li>\n<li><a href=\"https:\/\/www.thewalkabouts.com\/\" target=\"_blank\" rel=\"noopener noreferrer\">The Walkabouts<\/a><\/li>\n<li><a href=\"https:\/\/www.thewho.com\/\" target=\"_blank\" rel=\"noopener noreferrer\">The Who<\/a><\/li>\n<li><a href=\"https:\/\/de.wikipedia.org\/wiki\/This_Mortal_Coil\" target=\"_blank\" rel=\"noopener\">This Mortal Coil<\/a><\/li>\n<\/ul>\n","protected":false},"excerpt":{"rendered":"<p>pearls Seiten und Projekte die wir lieben und denen wir alles Gl\u00fcck auf Erden w\u00fcnschen! conheros realisiert seit vielen Jahren Kunstwerke als optionale Handlungsr\u00e4ume f\u00fcr Menschen. der-reisende Der Reisende sucht Orte auf, an denen Webcams automatisiert Bilder produzieren und ins Netz \u00fcbertragen und &#8211; schaut&hellip;<\/p>\n","protected":false},"author":1,"featured_media":0,"parent":0,"menu_order":0,"comment_status":"closed","ping_status":"closed","template":"","meta":{"_themeisle_gutenberg_block_has_review":false,"jetpack_post_was_ever_published":false,"footnotes":""},"class_list":["post-794","page","type-page","status-publish","hentry"],"yoast_head":"<!-- This site is optimized with the Yoast SEO plugin v27.4 - https:\/\/yoast.com\/product\/yoast-seo-wordpress\/ -->\n<title>Links - taumelland.de<\/title>\n<meta name=\"robots\" content=\"index, follow, max-snippet:-1, max-image-preview:large, max-video-preview:-1\" \/>\n<link rel=\"canonical\" href=\"https:\/\/www.taumelland.de\/index.php\/links\/\" \/>\n<meta property=\"og:locale\" content=\"de_DE\" \/>\n<meta property=\"og:type\" content=\"article\" \/>\n<meta property=\"og:title\" content=\"Links - taumelland.de\" \/>\n<meta property=\"og:description\" content=\"pearls Seiten und Projekte die wir lieben und denen wir alles Gl\u00fcck auf Erden w\u00fcnschen! conheros realisiert seit vielen Jahren Kunstwerke als optionale Handlungsr\u00e4ume f\u00fcr Menschen. der-reisende Der Reisende sucht Orte auf, an denen Webcams automatisiert Bilder produzieren und ins Netz \u00fcbertragen und &#8211; schaut&hellip;\" \/>\n<meta property=\"og:url\" content=\"https:\/\/www.taumelland.de\/index.php\/links\/\" \/>\n<meta property=\"og:site_name\" content=\"taumelland.de\" \/>\n<meta property=\"article:modified_time\" content=\"2022-04-09T16:48:48+00:00\" \/>\n<meta name=\"twitter:card\" content=\"summary_large_image\" \/>\n<meta name=\"twitter:label1\" content=\"Gesch\u00e4tzte Lesezeit\" \/>\n\t<meta name=\"twitter:data1\" content=\"2\u00a0Minuten\" \/>\n<script type=\"application\/ld+json\" class=\"yoast-schema-graph\">{\"@context\":\"https:\\\/\\\/schema.org\",\"@graph\":[{\"@type\":\"WebPage\",\"@id\":\"https:\\\/\\\/www.taumelland.de\\\/index.php\\\/links\\\/\",\"url\":\"https:\\\/\\\/www.taumelland.de\\\/index.php\\\/links\\\/\",\"name\":\"Links - taumelland.de\",\"isPartOf\":{\"@id\":\"https:\\\/\\\/www.taumelland.de\\\/#website\"},\"datePublished\":\"2017-01-30T17:00:20+00:00\",\"dateModified\":\"2022-04-09T16:48:48+00:00\",\"breadcrumb\":{\"@id\":\"https:\\\/\\\/www.taumelland.de\\\/index.php\\\/links\\\/#breadcrumb\"},\"inLanguage\":\"de\",\"potentialAction\":[{\"@type\":\"ReadAction\",\"target\":[\"https:\\\/\\\/www.taumelland.de\\\/index.php\\\/links\\\/\"]}]},{\"@type\":\"BreadcrumbList\",\"@id\":\"https:\\\/\\\/www.taumelland.de\\\/index.php\\\/links\\\/#breadcrumb\",\"itemListElement\":[{\"@type\":\"ListItem\",\"position\":1,\"name\":\"Home\",\"item\":\"https:\\\/\\\/www.taumelland.de\\\/\"},{\"@type\":\"ListItem\",\"position\":2,\"name\":\"Links\"}]},{\"@type\":\"WebSite\",\"@id\":\"https:\\\/\\\/www.taumelland.de\\\/#website\",\"url\":\"https:\\\/\\\/www.taumelland.de\\\/\",\"name\":\"taumelland.de\",\"description\":\"der romantische Fotoblog\",\"publisher\":{\"@id\":\"https:\\\/\\\/www.taumelland.de\\\/#\\\/schema\\\/person\\\/d408cfcd33462b0f8d9e9356cfef1aab\"},\"potentialAction\":[{\"@type\":\"SearchAction\",\"target\":{\"@type\":\"EntryPoint\",\"urlTemplate\":\"https:\\\/\\\/www.taumelland.de\\\/?s={search_term_string}\"},\"query-input\":{\"@type\":\"PropertyValueSpecification\",\"valueRequired\":true,\"valueName\":\"search_term_string\"}}],\"inLanguage\":\"de\"},{\"@type\":[\"Person\",\"Organization\"],\"@id\":\"https:\\\/\\\/www.taumelland.de\\\/#\\\/schema\\\/person\\\/d408cfcd33462b0f8d9e9356cfef1aab\",\"name\":\"Marcus Bohl\",\"image\":{\"@type\":\"ImageObject\",\"inLanguage\":\"de\",\"@id\":\"https:\\\/\\\/i0.wp.com\\\/www.taumelland.de\\\/wp-content\\\/uploads\\\/2022\\\/04\\\/rosa3.jpg?fit=960%2C639&ssl=1\",\"url\":\"https:\\\/\\\/i0.wp.com\\\/www.taumelland.de\\\/wp-content\\\/uploads\\\/2022\\\/04\\\/rosa3.jpg?fit=960%2C639&ssl=1\",\"contentUrl\":\"https:\\\/\\\/i0.wp.com\\\/www.taumelland.de\\\/wp-content\\\/uploads\\\/2022\\\/04\\\/rosa3.jpg?fit=960%2C639&ssl=1\",\"width\":960,\"height\":639,\"caption\":\"Marcus Bohl\"},\"logo\":{\"@id\":\"https:\\\/\\\/i0.wp.com\\\/www.taumelland.de\\\/wp-content\\\/uploads\\\/2022\\\/04\\\/rosa3.jpg?fit=960%2C639&ssl=1\"},\"sameAs\":[\"https:\\\/\\\/www.instagram.com\\\/taumelland\\\/?hl=de\"]}]}<\/script>\n<!-- \/ Yoast SEO plugin. -->","yoast_head_json":{"title":"Links - taumelland.de","robots":{"index":"index","follow":"follow","max-snippet":"max-snippet:-1","max-image-preview":"max-image-preview:large","max-video-preview":"max-video-preview:-1"},"canonical":"https:\/\/www.taumelland.de\/index.php\/links\/","og_locale":"de_DE","og_type":"article","og_title":"Links - taumelland.de","og_description":"pearls Seiten und Projekte die wir lieben und denen wir alles Gl\u00fcck auf Erden w\u00fcnschen! conheros realisiert seit vielen Jahren Kunstwerke als optionale Handlungsr\u00e4ume f\u00fcr Menschen. der-reisende Der Reisende sucht Orte auf, an denen Webcams automatisiert Bilder produzieren und ins Netz \u00fcbertragen und &#8211; schaut&hellip;","og_url":"https:\/\/www.taumelland.de\/index.php\/links\/","og_site_name":"taumelland.de","article_modified_time":"2022-04-09T16:48:48+00:00","twitter_card":"summary_large_image","twitter_misc":{"Gesch\u00e4tzte Lesezeit":"2\u00a0Minuten"},"schema":{"@context":"https:\/\/schema.org","@graph":[{"@type":"WebPage","@id":"https:\/\/www.taumelland.de\/index.php\/links\/","url":"https:\/\/www.taumelland.de\/index.php\/links\/","name":"Links - taumelland.de","isPartOf":{"@id":"https:\/\/www.taumelland.de\/#website"},"datePublished":"2017-01-30T17:00:20+00:00","dateModified":"2022-04-09T16:48:48+00:00","breadcrumb":{"@id":"https:\/\/www.taumelland.de\/index.php\/links\/#breadcrumb"},"inLanguage":"de","potentialAction":[{"@type":"ReadAction","target":["https:\/\/www.taumelland.de\/index.php\/links\/"]}]},{"@type":"BreadcrumbList","@id":"https:\/\/www.taumelland.de\/index.php\/links\/#breadcrumb","itemListElement":[{"@type":"ListItem","position":1,"name":"Home","item":"https:\/\/www.taumelland.de\/"},{"@type":"ListItem","position":2,"name":"Links"}]},{"@type":"WebSite","@id":"https:\/\/www.taumelland.de\/#website","url":"https:\/\/www.taumelland.de\/","name":"taumelland.de","description":"der romantische Fotoblog","publisher":{"@id":"https:\/\/www.taumelland.de\/#\/schema\/person\/d408cfcd33462b0f8d9e9356cfef1aab"},"potentialAction":[{"@type":"SearchAction","target":{"@type":"EntryPoint","urlTemplate":"https:\/\/www.taumelland.de\/?s={search_term_string}"},"query-input":{"@type":"PropertyValueSpecification","valueRequired":true,"valueName":"search_term_string"}}],"inLanguage":"de"},{"@type":["Person","Organization"],"@id":"https:\/\/www.taumelland.de\/#\/schema\/person\/d408cfcd33462b0f8d9e9356cfef1aab","name":"Marcus Bohl","image":{"@type":"ImageObject","inLanguage":"de","@id":"https:\/\/i0.wp.com\/www.taumelland.de\/wp-content\/uploads\/2022\/04\/rosa3.jpg?fit=960%2C639&ssl=1","url":"https:\/\/i0.wp.com\/www.taumelland.de\/wp-content\/uploads\/2022\/04\/rosa3.jpg?fit=960%2C639&ssl=1","contentUrl":"https:\/\/i0.wp.com\/www.taumelland.de\/wp-content\/uploads\/2022\/04\/rosa3.jpg?fit=960%2C639&ssl=1","width":960,"height":639,"caption":"Marcus Bohl"},"logo":{"@id":"https:\/\/i0.wp.com\/www.taumelland.de\/wp-content\/uploads\/2022\/04\/rosa3.jpg?fit=960%2C639&ssl=1"},"sameAs":["https:\/\/www.instagram.com\/taumelland\/?hl=de"]}]}},"jetpack_sharing_enabled":true,"jetpack_shortlink":"https:\/\/wp.me\/P77Evr-cO","jetpack-related-posts":[],"_links":{"self":[{"href":"https:\/\/www.taumelland.de\/index.php\/wp-json\/wp\/v2\/pages\/794","targetHints":{"allow":["GET"]}}],"collection":[{"href":"https:\/\/www.taumelland.de\/index.php\/wp-json\/wp\/v2\/pages"}],"about":[{"href":"https:\/\/www.taumelland.de\/index.php\/wp-json\/wp\/v2\/types\/page"}],"author":[{"embeddable":true,"href":"https:\/\/www.taumelland.de\/index.php\/wp-json\/wp\/v2\/users\/1"}],"replies":[{"embeddable":true,"href":"https:\/\/www.taumelland.de\/index.php\/wp-json\/wp\/v2\/comments?post=794"}],"version-history":[{"count":31,"href":"https:\/\/www.taumelland.de\/index.php\/wp-json\/wp\/v2\/pages\/794\/revisions"}],"predecessor-version":[{"id":2979,"href":"https:\/\/www.taumelland.de\/index.php\/wp-json\/wp\/v2\/pages\/794\/revisions\/2979"}],"wp:attachment":[{"href":"https:\/\/www.taumelland.de\/index.php\/wp-json\/wp\/v2\/media?parent=794"}],"curies":[{"name":"wp","href":"https:\/\/api.w.org\/{rel}","templated":true}]}}